{"id":6,"date":"2025-06-03T22:10:51","date_gmt":"2025-06-03T20:10:51","guid":{"rendered":"https:\/\/qa-www.jmcchile.cl\/newsite2\/?page_id=6"},"modified":"2025-10-20T16:27:05","modified_gmt":"2025-10-20T19:27:05","slug":"home","status":"publish","type":"page","link":"https:\/\/qa-www.jmcchile.cl\/newsite2\/","title":{"rendered":"Home"},"content":{"rendered":"","protected":false},"excerpt":{"rendered":"","protected":false},"author":1,"featured_media":0,"parent":0,"menu_order":24,"comment_status":"closed","ping_status":"closed","template":"","meta":{"_acf_changed":false,"inline_featured_image":false,"footnotes":""},"class_list":["post-6","page","type-page","status-publish","hentry"],"acf":[],"yoast_head":"<!-- This site is optimized with the Yoast SEO plugin v26.1.1 - https:\/\/yoast.com\/wordpress\/plugins\/seo\/ -->\n<title>JMC Chile | Camionetas y Veh\u00edculos Comerciales | Cotiza<\/title>\n<meta name=\"description\" content=\"Descubre la l\u00ednea JMC en Chile: modelos, precios, financiamiento y postventa. Cotiza y recibe asesor\u00eda experta.\" \/>\n<meta name=\"robots\" content=\"noindex, follow, max-snippet:-1, max-image-preview:large, max-video-preview:-1\" \/>\n<meta property=\"og:locale\" content=\"es_ES\" \/>\n<meta property=\"og:type\" content=\"article\" \/>\n<meta property=\"og:title\" content=\"JMC Chile | Camionetas y Veh\u00edculos Comerciales | Cotiza\" \/>\n<meta property=\"og:description\" content=\"Descubre la l\u00ednea JMC en Chile: modelos, precios, financiamiento y postventa. Cotiza y recibe asesor\u00eda experta.\" \/>\n<meta property=\"og:url\" content=\"https:\/\/jmcchile.cl\/\" \/>\n<meta property=\"og:site_name\" content=\"JMC Chile\" \/>\n<meta property=\"article:modified_time\" content=\"2025-10-20T19:27:05+00:00\" \/>\n<meta name=\"twitter:card\" content=\"summary_large_image\" \/>\n<script type=\"application\/ld+json\" class=\"yoast-schema-graph\">{\"@context\":\"https:\/\/schema.org\",\"@graph\":[{\"@type\":\"WebPage\",\"@id\":\"https:\/\/jmcchile.cl\/\",\"url\":\"https:\/\/jmcchile.cl\/\",\"name\":\"JMC Chile | Camionetas y Veh\u00edculos Comerciales | Cotiza\",\"isPartOf\":{\"@id\":\"https:\/\/qa-www.jmcchile.cl\/newsite2\/#website\"},\"datePublished\":\"2025-06-03T20:10:51+00:00\",\"dateModified\":\"2025-10-20T19:27:05+00:00\",\"description\":\"Descubre la l\u00ednea JMC en Chile: modelos, precios, financiamiento y postventa. Cotiza y recibe asesor\u00eda experta.\",\"breadcrumb\":{\"@id\":\"https:\/\/jmcchile.cl\/#breadcrumb\"},\"inLanguage\":\"es\",\"potentialAction\":[{\"@type\":\"ReadAction\",\"target\":[\"https:\/\/jmcchile.cl\/\"]}]},{\"@type\":\"BreadcrumbList\",\"@id\":\"https:\/\/jmcchile.cl\/#breadcrumb\",\"itemListElement\":[{\"@type\":\"ListItem\",\"position\":1,\"name\":\"Portada\",\"item\":\"https:\/\/jmcchile.cl\/\"},{\"@type\":\"ListItem\",\"position\":2,\"name\":\"Home\"}]},{\"@type\":\"WebSite\",\"@id\":\"https:\/\/qa-www.jmcchile.cl\/newsite2\/#website\",\"url\":\"https:\/\/qa-www.jmcchile.cl\/newsite2\/\",\"name\":\"JMC Chile\",\"description\":\"\",\"potentialAction\":[{\"@type\":\"SearchAction\",\"target\":{\"@type\":\"EntryPoint\",\"urlTemplate\":\"https:\/\/qa-www.jmcchile.cl\/newsite2\/?s={search_term_string}\"},\"query-input\":{\"@type\":\"PropertyValueSpecification\",\"valueRequired\":true,\"valueName\":\"search_term_string\"}}],\"inLanguage\":\"es\"},{\"@type\":\"Person\",\"@id\":\"https:\/\/qa-www.jmcchile.cl\/newsite2\/#\/schema\/person\/1c33c794985699f9f59c03324f7b1262\",\"name\":\"admin-mrc\",\"image\":{\"@type\":\"ImageObject\",\"inLanguage\":\"es\",\"@id\":\"https:\/\/qa-www.jmcchile.cl\/newsite2\/#\/schema\/person\/image\/\",\"url\":\"https:\/\/secure.gravatar.com\/avatar\/90d8821e32539b0b143885ed6e3a2e98f19e8a62b1e68e9d4539841a6aa1cf27?s=96&d=mm&r=g\",\"contentUrl\":\"https:\/\/secure.gravatar.com\/avatar\/90d8821e32539b0b143885ed6e3a2e98f19e8a62b1e68e9d4539841a6aa1cf27?s=96&d=mm&r=g\",\"caption\":\"admin-mrc\"},\"sameAs\":[\"https:\/\/jmcchile.cl\/newsite\"],\"url\":\"https:\/\/qa-www.jmcchile.cl\/newsite2\/author\/admin-mrc\/\"}]}<\/script>\n<!-- \/ Yoast SEO plugin. -->","yoast_head_json":{"title":"JMC Chile | Camionetas y Veh\u00edculos Comerciales | Cotiza","description":"Descubre la l\u00ednea JMC en Chile: modelos, precios, financiamiento y postventa. Cotiza y recibe asesor\u00eda experta.","robots":{"index":"noindex","follow":"follow","max-snippet":"max-snippet:-1","max-image-preview":"max-image-preview:large","max-video-preview":"max-video-preview:-1"},"og_locale":"es_ES","og_type":"article","og_title":"JMC Chile | Camionetas y Veh\u00edculos Comerciales | Cotiza","og_description":"Descubre la l\u00ednea JMC en Chile: modelos, precios, financiamiento y postventa. Cotiza y recibe asesor\u00eda experta.","og_url":"https:\/\/jmcchile.cl\/","og_site_name":"JMC Chile","article_modified_time":"2025-10-20T19:27:05+00:00","twitter_card":"summary_large_image","schema":{"@context":"https:\/\/schema.org","@graph":[{"@type":"WebPage","@id":"https:\/\/jmcchile.cl\/","url":"https:\/\/jmcchile.cl\/","name":"JMC Chile | Camionetas y Veh\u00edculos Comerciales | Cotiza","isPartOf":{"@id":"https:\/\/qa-www.jmcchile.cl\/newsite2\/#website"},"datePublished":"2025-06-03T20:10:51+00:00","dateModified":"2025-10-20T19:27:05+00:00","description":"Descubre la l\u00ednea JMC en Chile: modelos, precios, financiamiento y postventa. Cotiza y recibe asesor\u00eda experta.","breadcrumb":{"@id":"https:\/\/jmcchile.cl\/#breadcrumb"},"inLanguage":"es","potentialAction":[{"@type":"ReadAction","target":["https:\/\/jmcchile.cl\/"]}]},{"@type":"BreadcrumbList","@id":"https:\/\/jmcchile.cl\/#breadcrumb","itemListElement":[{"@type":"ListItem","position":1,"name":"Portada","item":"https:\/\/jmcchile.cl\/"},{"@type":"ListItem","position":2,"name":"Home"}]},{"@type":"WebSite","@id":"https:\/\/qa-www.jmcchile.cl\/newsite2\/#website","url":"https:\/\/qa-www.jmcchile.cl\/newsite2\/","name":"JMC Chile","description":"","potentialAction":[{"@type":"SearchAction","target":{"@type":"EntryPoint","urlTemplate":"https:\/\/qa-www.jmcchile.cl\/newsite2\/?s={search_term_string}"},"query-input":{"@type":"PropertyValueSpecification","valueRequired":true,"valueName":"search_term_string"}}],"inLanguage":"es"},{"@type":"Person","@id":"https:\/\/qa-www.jmcchile.cl\/newsite2\/#\/schema\/person\/1c33c794985699f9f59c03324f7b1262","name":"admin-mrc","image":{"@type":"ImageObject","inLanguage":"es","@id":"https:\/\/qa-www.jmcchile.cl\/newsite2\/#\/schema\/person\/image\/","url":"https:\/\/secure.gravatar.com\/avatar\/90d8821e32539b0b143885ed6e3a2e98f19e8a62b1e68e9d4539841a6aa1cf27?s=96&d=mm&r=g","contentUrl":"https:\/\/secure.gravatar.com\/avatar\/90d8821e32539b0b143885ed6e3a2e98f19e8a62b1e68e9d4539841a6aa1cf27?s=96&d=mm&r=g","caption":"admin-mrc"},"sameAs":["https:\/\/jmcchile.cl\/newsite"],"url":"https:\/\/qa-www.jmcchile.cl\/newsite2\/author\/admin-mrc\/"}]}},"_links":{"self":[{"href":"https:\/\/qa-www.jmcchile.cl\/newsite2\/wp-json\/wp\/v2\/pages\/6","targetHints":{"allow":["GET"]}}],"collection":[{"href":"https:\/\/qa-www.jmcchile.cl\/newsite2\/wp-json\/wp\/v2\/pages"}],"about":[{"href":"https:\/\/qa-www.jmcchile.cl\/newsite2\/wp-json\/wp\/v2\/types\/page"}],"author":[{"embeddable":true,"href":"https:\/\/qa-www.jmcchile.cl\/newsite2\/wp-json\/wp\/v2\/users\/1"}],"replies":[{"embeddable":true,"href":"https:\/\/qa-www.jmcchile.cl\/newsite2\/wp-json\/wp\/v2\/comments?post=6"}],"version-history":[{"count":20,"href":"https:\/\/qa-www.jmcchile.cl\/newsite2\/wp-json\/wp\/v2\/pages\/6\/revisions"}],"predecessor-version":[{"id":1434,"href":"https:\/\/qa-www.jmcchile.cl\/newsite2\/wp-json\/wp\/v2\/pages\/6\/revisions\/1434"}],"wp:attachment":[{"href":"https:\/\/qa-www.jmcchile.cl\/newsite2\/wp-json\/wp\/v2\/media?parent=6"}],"curies":[{"name":"wp","href":"https:\/\/api.w.org\/{rel}","templated":true}]}}